{"id":1865,"date":"2020-10-05T14:08:18","date_gmt":"2020-10-05T14:08:18","guid":{"rendered":"https:\/\/heymistr.com\/nuestra-historia\/"},"modified":"2020-10-11T18:27:13","modified_gmt":"2020-10-11T18:27:13","slug":"nuestra-historia","status":"publish","type":"page","link":"https:\/\/heymistr.com\/es\/nuestra-historia\/","title":{"rendered":"Nuestra Historia"},"content":{"rendered":"\t\t<div data-elementor-type=\"wp-post\" data-elementor-id=\"1865\" class=\"elementor elementor-1865 elementor-327\" data-elementor-post-type=\"page\">\n\t\t\t\t\t\t<section class=\"elementor-section elementor-top-section elementor-element elementor-element-fba961c elementor-section-boxed elementor-section-height-default elementor-section-height-default\" data-id=\"fba961c\" data-element_type=\"section\" data-e-type=\"section\">\n\t\t\t\t\t\t<div class=\"elementor-container elementor-column-gap-default\">\n\t\t\t\t\t<div class=\"elementor-column elementor-col-100 elementor-top-column elementor-element elementor-element-bd0b149\" data-id=\"bd0b149\" data-element_type=\"column\" data-e-type=\"column\">\n\t\t\t<div class=\"elementor-widget-wrap elementor-element-populated\">\n\t\t\t\t\t\t<div class=\"elementor-element elementor-element-f47f189 elementor-widget elementor-widget-heading\" data-id=\"f47f189\" data-element_type=\"widget\" data-e-type=\"widget\" data-widget_type=\"heading.default\">\n\t\t\t\t<div class=\"elementor-widget-container\">\n\t\t\t\t\t<h2 class=\"elementor-heading-title elementor-size-default\">Nuestra Historia<\/h2>\t\t\t\t<\/div>\n\t\t\t\t<\/div>\n\t\t\t\t\t<\/div>\n\t\t<\/div>\n\t\t\t\t\t<\/div>\n\t\t<\/section>\n\t\t\t\t<section class=\"elementor-section elementor-top-section elementor-element elementor-element-0f6a3ca elementor-section-boxed elementor-section-height-default elementor-section-height-default\" data-id=\"0f6a3ca\" data-element_type=\"section\" data-e-type=\"section\">\n\t\t\t\t\t\t<div class=\"elementor-container elementor-column-gap-default\">\n\t\t\t\t\t<div class=\"elementor-column elementor-col-100 elementor-top-column elementor-element elementor-element-b4c905c\" data-id=\"b4c905c\" data-element_type=\"column\" data-e-type=\"column\">\n\t\t\t<div class=\"elementor-widget-wrap elementor-element-populated\">\n\t\t\t\t\t\t<div class=\"elementor-element elementor-element-1021cef elementor-widget elementor-widget-text-editor\" data-id=\"1021cef\" data-element_type=\"widget\" data-e-type=\"widget\" data-widget_type=\"text-editor.default\">\n\t\t\t\t<div class=\"elementor-widget-container\">\n\t\t\t\t\t\t\t\t\t<p>En MISTR, sabemos que tu tiempo es importante y no deber\u00eda ser gastado en viajes al consultorio m\u00e9dico o la farmacia. MISTR tambi\u00e9n ha eliminado las idas y venidas requeridas por algunos seguros m\u00e9dicos para cubrir los costos de tu PrEP. \u00bfNo tienes seguro m\u00e9dico? \u00a1No hay problema, podemos ayudarte!<\/p>\n<p>MISTR es propiedad y operada por gays, llev\u00e1ndote los mejores doctores, farmacistas y solucionadores de problemas para hacer que PrEP est\u00e9 disponible para todos aquellos que lo necesitan. Acceder a PrEP deber\u00eda ser f\u00e1cil, y junt\u00e1ndonos para lograr \u00e9ste cambio estamos un paso m\u00e1s cerca a cero nuevas infecciones.<\/p>\n<p>Una experiencia en linea impecable con m\u00e9dicos reales y envio gratuito.<\/p>\n\t\t\t\t\t\t\t\t<\/div>\n\t\t\t\t<\/div>\n\t\t\t\t\t<\/div>\n\t\t<\/div>\n\t\t\t\t\t<\/div>\n\t\t<\/section>\n\t\t\t\t<section class=\"elementor-section elementor-top-section elementor-element elementor-element-090b3dd elementor-section-boxed elementor-section-height-default elementor-section-height-default\" data-id=\"090b3dd\" data-element_type=\"section\" data-e-type=\"section\">\n\t\t\t\t\t\t<div class=\"elementor-container elementor-column-gap-default\">\n\t\t\t\t\t<div class=\"elementor-column elementor-col-100 elementor-top-column elementor-element elementor-element-fa5dc9f\" data-id=\"fa5dc9f\" data-element_type=\"column\" data-e-type=\"column\">\n\t\t\t<div class=\"elementor-widget-wrap elementor-element-populated\">\n\t\t\t\t\t\t<div class=\"elementor-element elementor-element-19fa3a4 elementor-widget elementor-widget-heading\" data-id=\"19fa3a4\" data-element_type=\"widget\" data-e-type=\"widget\" data-widget_type=\"heading.default\">\n\t\t\t\t<div class=\"elementor-widget-container\">\n\t\t\t\t\t<h2 class=\"elementor-heading-title elementor-size-default\">Los Hechos que nos Impulsan<\/h2>\t\t\t\t<\/div>\n\t\t\t\t<\/div>\n\t\t\t\t\t<\/div>\n\t\t<\/div>\n\t\t\t\t\t<\/div>\n\t\t<\/section>\n\t\t\t\t<section class=\"elementor-section elementor-top-section elementor-element elementor-element-abda5c7 elementor-section-boxed elementor-section-height-default elementor-section-height-default\" data-id=\"abda5c7\" data-element_type=\"section\" data-e-type=\"section\">\n\t\t\t\t\t\t<div class=\"elementor-container elementor-column-gap-default\">\n\t\t\t\t\t<div class=\"elementor-column elementor-col-100 elementor-top-column elementor-element elementor-element-f222e4b\" data-id=\"f222e4b\" data-element_type=\"column\" data-e-type=\"column\">\n\t\t\t<div class=\"elementor-widget-wrap elementor-element-populated\">\n\t\t\t\t\t\t<div class=\"elementor-element elementor-element-a8464b9 elementor-icon-list--layout-traditional elementor-list-item-link-full_width elementor-widget elementor-widget-icon-list\" data-id=\"a8464b9\" data-element_type=\"widget\" data-e-type=\"widget\" data-widget_type=\"icon-list.default\">\n\t\t\t\t<div class=\"elementor-widget-container\">\n\t\t\t\t\t\t\t<ul class=\"elementor-icon-list-items\">\n\t\t\t\t\t\t\t<li class=\"elementor-icon-list-item\">\n\t\t\t\t\t\t\t\t\t\t\t<span class=\"elementor-icon-list-icon\">\n\t\t\t\t\t\t\t\t\t\t\t\t\t\t\t\t<i class=\"fa fa-chevron-right\" aria-hidden=\"true\"><\/i>\n\t\t\t\t\t\t\t\t\t\t\t\t\t<\/span>\n\t\t\t\t\t\t\t\t\t\t<span class=\"elementor-icon-list-text\">PrEP es 99% efectivo en la prevenci\u00f3n de VIH.<\/span>\n\t\t\t\t\t\t\t\t\t<\/li>\n\t\t\t\t\t\t\t\t<li class=\"elementor-icon-list-item\">\n\t\t\t\t\t\t\t\t\t\t\t<span class=\"elementor-icon-list-icon\">\n\t\t\t\t\t\t\t\t\t\t\t\t\t\t\t\t<i class=\"fa fa-chevron-right\" aria-hidden=\"true\"><\/i>\n\t\t\t\t\t\t\t\t\t\t\t\t\t<\/span>\n\t\t\t\t\t\t\t\t\t\t<span class=\"elementor-icon-list-text\">Los hombres gays y bisexuales conformaron alrededor del 70% de las 38.500 nuevas infecciones de VIH en 2015. \u00a1S\u00ed, todav\u00eda la gente se infecta de VIH!<\/span>\n\t\t\t\t\t\t\t\t\t<\/li>\n\t\t\t\t\t\t\t\t<li class=\"elementor-icon-list-item\">\n\t\t\t\t\t\t\t\t\t\t\t<span class=\"elementor-icon-list-icon\">\n\t\t\t\t\t\t\t\t\t\t\t\t\t\t\t\t<i class=\"fa fa-chevron-right\" aria-hidden=\"true\"><\/i>\n\t\t\t\t\t\t\t\t\t\t\t\t\t<\/span>\n\t\t\t\t\t\t\t\t\t\t<span class=\"elementor-icon-list-text\">En el Condado de LA s\u00f3lo 6.700 personas est\u00e1n en PrEP. Apenas el 10% de la poblaci\u00f3n gay de Los Angeles, y el porcentaje es a\u00fan menor en muchas otras ciudades.<\/span>\n\t\t\t\t\t\t\t\t\t<\/li>\n\t\t\t\t\t\t\t\t<li class=\"elementor-icon-list-item\">\n\t\t\t\t\t\t\t\t\t\t\t<span class=\"elementor-icon-list-icon\">\n\t\t\t\t\t\t\t\t\t\t\t\t\t\t\t\t<i class=\"fa fa-chevron-right\" aria-hidden=\"true\"><\/i>\n\t\t\t\t\t\t\t\t\t\t\t\t\t<\/span>\n\t\t\t\t\t\t\t\t\t\t<span class=\"elementor-icon-list-text\">El uso expandido de PrEP, testeos regulares, y m\u00e1s tratamientos significan un mundo con CERO nuevas infecciones.<\/span>\n\t\t\t\t\t\t\t\t\t<\/li>\n\t\t\t\t\t\t<\/ul>\n\t\t\t\t\t\t<\/div>\n\t\t\t\t<\/div>\n\t\t\t\t\t<\/div>\n\t\t<\/div>\n\t\t\t\t\t<\/div>\n\t\t<\/section>\n\t\t\t\t<section class=\"elementor-section elementor-top-section elementor-element elementor-element-980e6fd elementor-section-boxed elementor-section-height-default elementor-section-height-default\" data-id=\"980e6fd\" data-element_type=\"section\" data-e-type=\"section\">\n\t\t\t\t\t\t<div class=\"elementor-container elementor-column-gap-default\">\n\t\t\t\t\t<div class=\"elementor-column elementor-col-50 elementor-top-column elementor-element elementor-element-0d09480\" data-id=\"0d09480\" data-element_type=\"column\" data-e-type=\"column\">\n\t\t\t<div class=\"elementor-widget-wrap elementor-element-populated\">\n\t\t\t\t\t\t<div class=\"elementor-element elementor-element-1853ff1 elementor-widget elementor-widget-heading\" data-id=\"1853ff1\" data-element_type=\"widget\" data-e-type=\"widget\" data-widget_type=\"heading.default\">\n\t\t\t\t<div class=\"elementor-widget-container\">\n\t\t\t\t\t<h2 class=\"elementor-heading-title elementor-size-default\">\u00bfListo para tu visita en l\u00ednea?<\/h2>\t\t\t\t<\/div>\n\t\t\t\t<\/div>\n\t\t\t\t\t<\/div>\n\t\t<\/div>\n\t\t\t\t<div class=\"elementor-column elementor-col-50 elementor-top-column elementor-element elementor-element-0c27a70\" data-id=\"0c27a70\" data-element_type=\"column\" data-e-type=\"column\">\n\t\t\t<div class=\"elementor-widget-wrap elementor-element-populated\">\n\t\t\t\t\t\t<div class=\"elementor-element elementor-element-849bec0 elementor-widget elementor-widget-heading\" data-id=\"849bec0\" data-element_type=\"widget\" data-e-type=\"widget\" data-widget_type=\"heading.default\">\n\t\t\t\t<div class=\"elementor-widget-container\">\n\t\t\t\t\t<p class=\"elementor-heading-title elementor-size-default\"><a href=\"https:\/\/heymistr.com\/es\/sign-up\/\">Comienza Ahora<\/a><\/p>\t\t\t\t<\/div>\n\t\t\t\t<\/div>\n\t\t\t\t\t<\/div>\n\t\t<\/div>\n\t\t\t\t\t<\/div>\n\t\t<\/section>\n\t\t\t\t<\/div>\n\t\t","protected":false},"excerpt":{"rendered":"<p>Nuestra Historia En , sabemos que tu tiempo es importante y no deber\u00eda ser gastado en viajes al consultorio m\u00e9dico o la farmacia. tambi\u00e9n ha eliminado las idas y venidas requeridas por algunos seguros m\u00e9dicos para cubrir los costos de tu PrEP. \u00bfNo tienes seguro m\u00e9dico? \u00a1No hay problema, podemos ayudarte! Acceder a PrEP deber\u00eda [&hellip;]<\/p>\n","protected":false},"author":1,"featured_media":0,"parent":0,"menu_order":0,"comment_status":"closed","ping_status":"closed","template":"","meta":{"footnotes":""},"class_list":["post-1865","page","type-page","status-publish","hentry"],"yoast_head":"<!-- This site is optimized with the Yoast SEO Premium plugin v27.3 (Yoast SEO v27.3) - https:\/\/yoast.com\/product\/yoast-seo-premium-wordpress\/ -->\n<title>Nuestra Historia - MISTR<\/title>\n<meta name=\"robots\" content=\"index, follow, max-snippet:-1, max-image-preview:large, max-video-preview:-1\" \/>\n<link rel=\"canonical\" href=\"https:\/\/heymistr.com\/es\/nuestra-historia\/\" \/>\n<meta property=\"og:locale\" content=\"es_ES\" \/>\n<meta property=\"og:type\" content=\"article\" \/>\n<meta property=\"og:title\" content=\"Nuestra Historia\" \/>\n<meta property=\"og:description\" content=\"Nuestra Historia En , sabemos que tu tiempo es importante y no deber\u00eda ser gastado en viajes al consultorio m\u00e9dico o la farmacia. tambi\u00e9n ha eliminado las idas y venidas requeridas por algunos seguros m\u00e9dicos para cubrir los costos de tu PrEP. \u00bfNo tienes seguro m\u00e9dico? \u00a1No hay problema, podemos ayudarte! Acceder a PrEP deber\u00eda [&hellip;]\" \/>\n<meta property=\"og:url\" content=\"https:\/\/heymistr.com\/es\/nuestra-historia\/\" \/>\n<meta property=\"og:site_name\" content=\"MISTR\" \/>\n<meta property=\"article:publisher\" content=\"https:\/\/www.facebook.com\/heymistr\" \/>\n<meta property=\"article:modified_time\" content=\"2020-10-11T18:27:13+00:00\" \/>\n<meta property=\"og:image\" content=\"https:\/\/heymistr.com\/wp-content\/uploads\/2019\/06\/Share-Cover-1.jpg\" \/>\n\t<meta property=\"og:image:width\" content=\"1200\" \/>\n\t<meta property=\"og:image:height\" content=\"630\" \/>\n\t<meta property=\"og:image:type\" content=\"image\/jpeg\" \/>\n<meta name=\"twitter:card\" content=\"summary_large_image\" \/>\n<meta name=\"twitter:site\" content=\"@heymistr_\" \/>\n<script type=\"application\/ld+json\" class=\"yoast-schema-graph\">{\"@context\":\"https:\\\/\\\/schema.org\",\"@graph\":[{\"@type\":\"WebPage\",\"@id\":\"https:\\\/\\\/heymistr.com\\\/es\\\/nuestra-historia\\\/\",\"url\":\"https:\\\/\\\/heymistr.com\\\/es\\\/nuestra-historia\\\/\",\"name\":\"Nuestra Historia - MISTR\",\"isPartOf\":{\"@id\":\"https:\\\/\\\/heymistr.com\\\/es\\\/#website\"},\"datePublished\":\"2020-10-05T14:08:18+00:00\",\"dateModified\":\"2020-10-11T18:27:13+00:00\",\"breadcrumb\":{\"@id\":\"https:\\\/\\\/heymistr.com\\\/es\\\/nuestra-historia\\\/#breadcrumb\"},\"inLanguage\":\"es\",\"potentialAction\":[{\"@type\":\"ReadAction\",\"target\":[\"https:\\\/\\\/heymistr.com\\\/es\\\/nuestra-historia\\\/\"]}]},{\"@type\":\"BreadcrumbList\",\"@id\":\"https:\\\/\\\/heymistr.com\\\/es\\\/nuestra-historia\\\/#breadcrumb\",\"itemListElement\":[{\"@type\":\"ListItem\",\"position\":1,\"name\":\"Home\",\"item\":\"https:\\\/\\\/heymistr.com\\\/es\\\/\"},{\"@type\":\"ListItem\",\"position\":2,\"name\":\"Nuestra Historia\"}]},{\"@type\":\"WebSite\",\"@id\":\"https:\\\/\\\/heymistr.com\\\/es\\\/#website\",\"url\":\"https:\\\/\\\/heymistr.com\\\/es\\\/\",\"name\":\"MISTR\",\"description\":\"MISTR - PrEP, prescribed online and delivered to your door\",\"publisher\":{\"@id\":\"https:\\\/\\\/heymistr.com\\\/es\\\/#organization\"},\"potentialAction\":[{\"@type\":\"SearchAction\",\"target\":{\"@type\":\"EntryPoint\",\"urlTemplate\":\"https:\\\/\\\/heymistr.com\\\/es\\\/?s={search_term_string}\"},\"query-input\":{\"@type\":\"PropertyValueSpecification\",\"valueRequired\":true,\"valueName\":\"search_term_string\"}}],\"inLanguage\":\"es\"},{\"@type\":\"Organization\",\"@id\":\"https:\\\/\\\/heymistr.com\\\/es\\\/#organization\",\"name\":\"MISTR\",\"url\":\"https:\\\/\\\/heymistr.com\\\/es\\\/\",\"logo\":{\"@type\":\"ImageObject\",\"inLanguage\":\"es\",\"@id\":\"https:\\\/\\\/heymistr.com\\\/es\\\/#\\\/schema\\\/logo\\\/image\\\/\",\"url\":\"https:\\\/\\\/heymistr.com\\\/wp-content\\\/uploads\\\/2018\\\/12\\\/Mistr_Icon_Blue.png\",\"contentUrl\":\"https:\\\/\\\/heymistr.com\\\/wp-content\\\/uploads\\\/2018\\\/12\\\/Mistr_Icon_Blue.png\",\"width\":1200,\"height\":1200,\"caption\":\"MISTR\"},\"image\":{\"@id\":\"https:\\\/\\\/heymistr.com\\\/es\\\/#\\\/schema\\\/logo\\\/image\\\/\"},\"sameAs\":[\"https:\\\/\\\/www.facebook.com\\\/heymistr\",\"https:\\\/\\\/x.com\\\/heymistr_\",\"https:\\\/\\\/www.instagram.com\\\/heymistr\\\/\"]}]}<\/script>\n<!-- \/ Yoast SEO Premium plugin. -->","yoast_head_json":{"title":"Nuestra Historia - MISTR","robots":{"index":"index","follow":"follow","max-snippet":"max-snippet:-1","max-image-preview":"max-image-preview:large","max-video-preview":"max-video-preview:-1"},"canonical":"https:\/\/heymistr.com\/es\/nuestra-historia\/","og_locale":"es_ES","og_type":"article","og_title":"Nuestra Historia","og_description":"Nuestra Historia En , sabemos que tu tiempo es importante y no deber\u00eda ser gastado en viajes al consultorio m\u00e9dico o la farmacia. tambi\u00e9n ha eliminado las idas y venidas requeridas por algunos seguros m\u00e9dicos para cubrir los costos de tu PrEP. \u00bfNo tienes seguro m\u00e9dico? \u00a1No hay problema, podemos ayudarte! Acceder a PrEP deber\u00eda [&hellip;]","og_url":"https:\/\/heymistr.com\/es\/nuestra-historia\/","og_site_name":"MISTR","article_publisher":"https:\/\/www.facebook.com\/heymistr","article_modified_time":"2020-10-11T18:27:13+00:00","og_image":[{"width":1200,"height":630,"url":"https:\/\/heymistr.com\/wp-content\/uploads\/2019\/06\/Share-Cover-1.jpg","type":"image\/jpeg"}],"twitter_card":"summary_large_image","twitter_site":"@heymistr_","schema":{"@context":"https:\/\/schema.org","@graph":[{"@type":"WebPage","@id":"https:\/\/heymistr.com\/es\/nuestra-historia\/","url":"https:\/\/heymistr.com\/es\/nuestra-historia\/","name":"Nuestra Historia - MISTR","isPartOf":{"@id":"https:\/\/heymistr.com\/es\/#website"},"datePublished":"2020-10-05T14:08:18+00:00","dateModified":"2020-10-11T18:27:13+00:00","breadcrumb":{"@id":"https:\/\/heymistr.com\/es\/nuestra-historia\/#breadcrumb"},"inLanguage":"es","potentialAction":[{"@type":"ReadAction","target":["https:\/\/heymistr.com\/es\/nuestra-historia\/"]}]},{"@type":"BreadcrumbList","@id":"https:\/\/heymistr.com\/es\/nuestra-historia\/#breadcrumb","itemListElement":[{"@type":"ListItem","position":1,"name":"Home","item":"https:\/\/heymistr.com\/es\/"},{"@type":"ListItem","position":2,"name":"Nuestra Historia"}]},{"@type":"WebSite","@id":"https:\/\/heymistr.com\/es\/#website","url":"https:\/\/heymistr.com\/es\/","name":"MISTR","description":"MISTR - PrEP, prescribed online and delivered to your door","publisher":{"@id":"https:\/\/heymistr.com\/es\/#organization"},"potentialAction":[{"@type":"SearchAction","target":{"@type":"EntryPoint","urlTemplate":"https:\/\/heymistr.com\/es\/?s={search_term_string}"},"query-input":{"@type":"PropertyValueSpecification","valueRequired":true,"valueName":"search_term_string"}}],"inLanguage":"es"},{"@type":"Organization","@id":"https:\/\/heymistr.com\/es\/#organization","name":"MISTR","url":"https:\/\/heymistr.com\/es\/","logo":{"@type":"ImageObject","inLanguage":"es","@id":"https:\/\/heymistr.com\/es\/#\/schema\/logo\/image\/","url":"https:\/\/heymistr.com\/wp-content\/uploads\/2018\/12\/Mistr_Icon_Blue.png","contentUrl":"https:\/\/heymistr.com\/wp-content\/uploads\/2018\/12\/Mistr_Icon_Blue.png","width":1200,"height":1200,"caption":"MISTR"},"image":{"@id":"https:\/\/heymistr.com\/es\/#\/schema\/logo\/image\/"},"sameAs":["https:\/\/www.facebook.com\/heymistr","https:\/\/x.com\/heymistr_","https:\/\/www.instagram.com\/heymistr\/"]}]}},"_links":{"self":[{"href":"https:\/\/heymistr.com\/es\/wp-json\/wp\/v2\/pages\/1865","targetHints":{"allow":["GET"]}}],"collection":[{"href":"https:\/\/heymistr.com\/es\/wp-json\/wp\/v2\/pages"}],"about":[{"href":"https:\/\/heymistr.com\/es\/wp-json\/wp\/v2\/types\/page"}],"author":[{"embeddable":true,"href":"https:\/\/heymistr.com\/es\/wp-json\/wp\/v2\/users\/1"}],"replies":[{"embeddable":true,"href":"https:\/\/heymistr.com\/es\/wp-json\/wp\/v2\/comments?post=1865"}],"version-history":[{"count":4,"href":"https:\/\/heymistr.com\/es\/wp-json\/wp\/v2\/pages\/1865\/revisions"}],"predecessor-version":[{"id":1953,"href":"https:\/\/heymistr.com\/es\/wp-json\/wp\/v2\/pages\/1865\/revisions\/1953"}],"wp:attachment":[{"href":"https:\/\/heymistr.com\/es\/wp-json\/wp\/v2\/media?parent=1865"}],"curies":[{"name":"wp","href":"https:\/\/api.w.org\/{rel}","templated":true}]}}